{"id":1874,"date":"2025-11-18T11:54:38","date_gmt":"2025-11-18T11:54:38","guid":{"rendered":"https:\/\/maisonitalic.com\/services\/"},"modified":"2025-11-20T12:35:18","modified_gmt":"2025-11-20T12:35:18","slug":"services","status":"publish","type":"page","link":"https:\/\/maisonitalic.com\/es\/services\/","title":{"rendered":"Servicios"},"content":{"rendered":"\t\t<div data-elementor-type=\"wp-page\" data-elementor-id=\"1874\" class=\"elementor elementor-1874 elementor-1864\">\n\t\t\t\t<div class=\"wd-negative-gap elementor-element elementor-element-c8a7ff8 wd-section-stretch e-flex e-con-boxed e-con e-parent\" data-id=\"c8a7ff8\" data-element_type=\"container\" data-e-type=\"container\" id=\"turnkey\" data-settings=\"{&quot;_ha_eqh_enable&quot;:false}\">\n\t\t\t\t\t<div class=\"e-con-inner\">\n\t\t<div class=\"elementor-element elementor-element-43eca4d e-con-full e-flex e-con e-child\" data-id=\"43eca4d\" data-element_type=\"container\" data-e-type=\"container\" data-settings=\"{&quot;_ha_eqh_enable&quot;:false}\">\n\t\t<div class=\"elementor-element elementor-element-03c43d3 e-con-full e-flex e-con e-child\" data-id=\"03c43d3\" data-element_type=\"container\" data-e-type=\"container\" data-settings=\"{&quot;_ha_eqh_enable&quot;:false}\">\n\t\t\t\t<div class=\"elementor-element elementor-element-e160add elementor-widget elementor-widget-heading\" data-id=\"e160add\" data-element_type=\"widget\" data-e-type=\"widget\" data-widget_type=\"heading.default\">\n\t\t\t\t<div class=\"elementor-widget-container\">\n\t\t\t\t\t<h2 class=\"elementor-heading-title elementor-size-default\">Ofrecemos los mejores servicios<\/h2>\t\t\t\t<\/div>\n\t\t\t\t<\/div>\n\t\t\t\t<div class=\"elementor-element elementor-element-0752f95 color-scheme-inherit text-left elementor-widget elementor-widget-text-editor\" data-id=\"0752f95\" data-element_type=\"widget\" data-e-type=\"widget\" data-widget_type=\"text-editor.default\">\n\t\t\t\t<div class=\"elementor-widget-container\">\n\t\t\t\t\t\t\t\t\t<p>En\u00a0<strong>Maison Italic<\/strong>\u00a0desarrollamos proyectos de dise\u00f1o italiano contempor\u00e1neo y los gestionamos de principio a fin. Desde la idea inicial hasta la entrega, coordinamos el dise\u00f1o, la selecci\u00f3n de muebles, la reforma, la instalaci\u00f3n y los \u00faltimos detalles.<\/p><p>Dise\u00f1amos, amueblamos y renovamos interiores con car\u00e1cter.<\/p><p>Trabajamos tanto en apartamentos urbanos como en espacios comerciales. Nos encargamos de todo el proceso \u2014desde la planificaci\u00f3n arquitect\u00f3nica hasta la decoraci\u00f3n final\u2014 sin intermediarios y con resultados de calidad.<\/p>\t\t\t\t\t\t\t\t<\/div>\n\t\t\t\t<\/div>\n\t\t\t\t<\/div>\n\t\t\t\t<\/div>\n\t\t<div class=\"elementor-element elementor-element-a24b5ac e-con-full e-flex e-con e-child\" data-id=\"a24b5ac\" data-element_type=\"container\" data-e-type=\"container\" data-settings=\"{&quot;_ha_eqh_enable&quot;:false}\">\n\t\t<div class=\"elementor-element elementor-element-2331295 e-con-full e-flex e-con e-child\" data-id=\"2331295\" data-element_type=\"container\" data-e-type=\"container\" data-settings=\"{&quot;_ha_eqh_enable&quot;:false}\">\n\t\t\t\t<div class=\"elementor-element elementor-element-05b4625 elementor-widget elementor-widget-image\" data-id=\"05b4625\" data-element_type=\"widget\" data-e-type=\"widget\" data-widget_type=\"image.default\">\n\t\t\t\t<div class=\"elementor-widget-container\">\n\t\t\t\t\t\t\t\t\t\t\t\t\t\t\t<img loading=\"lazy\" decoding=\"async\" width=\"600\" height=\"400\" src=\"https:\/\/maisonitalic.com\/wp-content\/uploads\/2025\/11\/service1.jpg\" class=\"attachment-large size-large wp-image-2471\" alt=\"service1\" srcset=\"https:\/\/maisonitalic.com\/wp-content\/uploads\/2025\/11\/service1.jpg 600w, https:\/\/maisonitalic.com\/wp-content\/uploads\/2025\/11\/service1-300x200.jpg 300w, https:\/\/maisonitalic.com\/wp-content\/uploads\/2025\/11\/service1-150x100.jpg 150w\" sizes=\"auto, (max-width: 600px) 100vw, 600px\" \/>\t\t\t\t\t\t\t\t\t\t\t\t\t\t\t<\/div>\n\t\t\t\t<\/div>\n\t\t\t\t<\/div>\n\t\t<div class=\"elementor-element elementor-element-b311e49 e-con-full e-flex e-con e-child\" data-id=\"b311e49\" data-element_type=\"container\" data-e-type=\"container\" data-settings=\"{&quot;_ha_eqh_enable&quot;:false}\">\n\t\t\t\t<div class=\"elementor-element elementor-element-9f5da6d elementor-widget elementor-widget-heading\" data-id=\"9f5da6d\" data-element_type=\"widget\" data-e-type=\"widget\" data-widget_type=\"heading.default\">\n\t\t\t\t<div class=\"elementor-widget-container\">\n\t\t\t\t\t<h3 class=\"elementor-heading-title elementor-size-default\">Mobiliario 100% Made in Italy<\/h3>\t\t\t\t<\/div>\n\t\t\t\t<\/div>\n\t\t\t\t<div class=\"elementor-element elementor-element-5a2b1ab color-scheme-inherit text-left elementor-widget elementor-widget-text-editor\" data-id=\"5a2b1ab\" data-element_type=\"widget\" data-e-type=\"widget\" data-widget_type=\"text-editor.default\">\n\t\t\t\t<div class=\"elementor-widget-container\">\n\t\t\t\t\t\t\t\t\tColaboramos directamente con f\u00e1bricas y talleres italianos para traer colecciones exclusivas de muebles, iluminaci\u00f3n, textiles y accesorios que marcan el estilo de cada espacio.\t\t\t\t\t\t\t\t<\/div>\n\t\t\t\t<\/div>\n\t\t\t\t<\/div>\n\t\t\t\t<\/div>\n\t\t\t\t\t<\/div>\n\t\t\t\t<\/div>\n\t\t<div class=\"wd-negative-gap elementor-element elementor-element-36f7feb wd-section-stretch e-flex e-con-boxed e-con e-parent\" data-id=\"36f7feb\" data-element_type=\"container\" data-e-type=\"container\" id=\"restoration\" data-settings=\"{&quot;background_background&quot;:&quot;classic&quot;,&quot;_ha_eqh_enable&quot;:false}\">\n\t\t\t\t\t<div class=\"e-con-inner\">\n\t\t<div class=\"elementor-element elementor-element-fd8101b e-con-full e-flex e-con e-child\" data-id=\"fd8101b\" data-element_type=\"container\" data-e-type=\"container\" data-settings=\"{&quot;_ha_eqh_enable&quot;:false}\">\n\t\t<div class=\"elementor-element elementor-element-12211cc e-con-full e-flex e-con e-child\" data-id=\"12211cc\" data-element_type=\"container\" data-e-type=\"container\" data-settings=\"{&quot;_ha_eqh_enable&quot;:false}\">\n\t\t\t\t<div class=\"elementor-element elementor-element-1b56c74 elementor-widget elementor-widget-heading\" data-id=\"1b56c74\" data-element_type=\"widget\" data-e-type=\"widget\" data-widget_type=\"heading.default\">\n\t\t\t\t<div class=\"elementor-widget-container\">\n\t\t\t\t\t<h3 class=\"elementor-heading-title elementor-size-default\">Reformas integrales<\/h3>\t\t\t\t<\/div>\n\t\t\t\t<\/div>\n\t\t\t\t<div class=\"elementor-element elementor-element-1cb233b color-scheme-inherit text-left elementor-widget elementor-widget-text-editor\" data-id=\"1cb233b\" data-element_type=\"widget\" data-e-type=\"widget\" data-widget_type=\"text-editor.default\">\n\t\t\t\t<div class=\"elementor-widget-container\">\n\t\t\t\t\t\t\t\t\tOrganizamos y supervisamos todo el proceso de obra: desde instalaciones y acabados hasta el montaje de mobiliario y decoraci\u00f3n. Equipos certificados, control de calidad y planificaci\u00f3n clara para un resultado fiable.\t\t\t\t\t\t\t\t<\/div>\n\t\t\t\t<\/div>\n\t\t\t\t<\/div>\n\t\t<div class=\"elementor-element elementor-element-db0c58c e-con-full e-flex e-con e-child\" data-id=\"db0c58c\" data-element_type=\"container\" data-e-type=\"container\" data-settings=\"{&quot;_ha_eqh_enable&quot;:false}\">\n\t\t\t\t<div class=\"elementor-element elementor-element-ac3b671 elementor-widget elementor-widget-image\" data-id=\"ac3b671\" data-element_type=\"widget\" data-e-type=\"widget\" data-widget_type=\"image.default\">\n\t\t\t\t<div class=\"elementor-widget-container\">\n\t\t\t\t\t\t\t\t\t\t\t\t\t\t\t<img loading=\"lazy\" decoding=\"async\" width=\"600\" height=\"400\" src=\"https:\/\/maisonitalic.com\/wp-content\/uploads\/2025\/11\/service4.jpg\" class=\"attachment-large size-large wp-image-2472\" alt=\"\" srcset=\"https:\/\/maisonitalic.com\/wp-content\/uploads\/2025\/11\/service4.jpg 600w, https:\/\/maisonitalic.com\/wp-content\/uploads\/2025\/11\/service4-300x200.jpg 300w, https:\/\/maisonitalic.com\/wp-content\/uploads\/2025\/11\/service4-150x100.jpg 150w\" sizes=\"auto, (max-width: 600px) 100vw, 600px\" \/>\t\t\t\t\t\t\t\t\t\t\t\t\t\t\t<\/div>\n\t\t\t\t<\/div>\n\t\t\t\t<\/div>\n\t\t\t\t<\/div>\n\t\t\t\t\t<\/div>\n\t\t\t\t<\/div>\n\t\t<div class=\"wd-negative-gap elementor-element elementor-element-6926555 wd-section-stretch e-flex e-con-boxed e-con e-parent\" data-id=\"6926555\" data-element_type=\"container\" data-e-type=\"container\" id=\"renovation\" data-settings=\"{&quot;_ha_eqh_enable&quot;:false}\">\n\t\t\t\t\t<div class=\"e-con-inner\">\n\t\t<div class=\"elementor-element elementor-element-2593846 e-con-full e-flex e-con e-child\" data-id=\"2593846\" data-element_type=\"container\" data-e-type=\"container\" data-settings=\"{&quot;_ha_eqh_enable&quot;:false}\">\n\t\t<div class=\"elementor-element elementor-element-1c6c8f5 e-con-full e-flex e-con e-child\" data-id=\"1c6c8f5\" data-element_type=\"container\" data-e-type=\"container\" data-settings=\"{&quot;_ha_eqh_enable&quot;:false}\">\n\t\t\t\t<div class=\"elementor-element elementor-element-8663217 elementor-widget elementor-widget-image\" data-id=\"8663217\" data-element_type=\"widget\" data-e-type=\"widget\" data-widget_type=\"image.default\">\n\t\t\t\t<div class=\"elementor-widget-container\">\n\t\t\t\t\t\t\t\t\t\t\t\t\t\t\t<img loading=\"lazy\" decoding=\"async\" width=\"600\" height=\"400\" src=\"https:\/\/maisonitalic.com\/wp-content\/uploads\/2025\/11\/service3.jpg\" class=\"attachment-full size-full wp-image-2473\" alt=\"service3\" srcset=\"https:\/\/maisonitalic.com\/wp-content\/uploads\/2025\/11\/service3.jpg 600w, https:\/\/maisonitalic.com\/wp-content\/uploads\/2025\/11\/service3-300x200.jpg 300w, https:\/\/maisonitalic.com\/wp-content\/uploads\/2025\/11\/service3-150x100.jpg 150w\" sizes=\"auto, (max-width: 600px) 100vw, 600px\" \/>\t\t\t\t\t\t\t\t\t\t\t\t\t\t\t<\/div>\n\t\t\t\t<\/div>\n\t\t\t\t<\/div>\n\t\t<div class=\"elementor-element elementor-element-f3008ed e-con-full e-flex e-con e-child\" data-id=\"f3008ed\" data-element_type=\"container\" data-e-type=\"container\" data-settings=\"{&quot;_ha_eqh_enable&quot;:false}\">\n\t\t\t\t<div class=\"elementor-element elementor-element-be73179 elementor-widget elementor-widget-heading\" data-id=\"be73179\" data-element_type=\"widget\" data-e-type=\"widget\" data-widget_type=\"heading.default\">\n\t\t\t\t<div class=\"elementor-widget-container\">\n\t\t\t\t\t<h3 class=\"elementor-heading-title elementor-size-default\">Dise\u00f1o de interiores a medida<\/h3>\t\t\t\t<\/div>\n\t\t\t\t<\/div>\n\t\t\t\t<div class=\"elementor-element elementor-element-4e625c7 color-scheme-inherit text-left elementor-widget elementor-widget-text-editor\" data-id=\"4e625c7\" data-element_type=\"widget\" data-e-type=\"widget\" data-widget_type=\"text-editor.default\">\n\t\t\t\t<div class=\"elementor-widget-container\">\n\t\t\t\t\t\t\t\t\tProyectos personalizados en di\u00e1logo con el cliente: conceptos, moodboards, renders 3D y planos t\u00e9cnicos; selecci\u00f3n de materiales y acabados. Interiores funcionales, equilibrados y acordes a cada estilo de vida.\t\t\t\t\t\t\t\t<\/div>\n\t\t\t\t<\/div>\n\t\t\t\t<\/div>\n\t\t\t\t<\/div>\n\t\t\t\t\t<\/div>\n\t\t\t\t<\/div>\n\t\t<div class=\"wd-negative-gap elementor-element elementor-element-d34fb3c wd-section-stretch e-flex e-con-boxed e-con e-parent\" data-id=\"d34fb3c\" data-element_type=\"container\" data-e-type=\"container\" id=\"project\" data-settings=\"{&quot;background_background&quot;:&quot;classic&quot;,&quot;_ha_eqh_enable&quot;:false}\">\n\t\t\t\t\t<div class=\"e-con-inner\">\n\t\t<div class=\"elementor-element elementor-element-242c0db e-con-full e-flex e-con e-child\" data-id=\"242c0db\" data-element_type=\"container\" data-e-type=\"container\" data-settings=\"{&quot;_ha_eqh_enable&quot;:false}\">\n\t\t<div class=\"elementor-element elementor-element-e639222 e-con-full e-flex e-con e-child\" data-id=\"e639222\" data-element_type=\"container\" data-e-type=\"container\" data-settings=\"{&quot;_ha_eqh_enable&quot;:false}\">\n\t\t\t\t<div class=\"elementor-element elementor-element-eb7ae05 elementor-widget elementor-widget-heading\" data-id=\"eb7ae05\" data-element_type=\"widget\" data-e-type=\"widget\" data-widget_type=\"heading.default\">\n\t\t\t\t<div class=\"elementor-widget-container\">\n\t\t\t\t\t<h3 class=\"elementor-heading-title elementor-size-default\">Restauraci\u00f3n y home staging<\/h3>\t\t\t\t<\/div>\n\t\t\t\t<\/div>\n\t\t\t\t<div class=\"elementor-element elementor-element-d576171 color-scheme-inherit text-left elementor-widget elementor-widget-text-editor\" data-id=\"d576171\" data-element_type=\"widget\" data-e-type=\"widget\" data-widget_type=\"text-editor.default\">\n\t\t\t\t<div class=\"elementor-widget-container\">\n\t\t\t\t\t\t\t\t\tActualizamos y estilizamos los espacios para hacerlos m\u00e1s atractivos en el mercado: mejoras est\u00e9ticas, iluminaci\u00f3n, estilizaci\u00f3n y fotograf\u00eda profesional. Acelera la venta y aumenta el valor del inmueble.\t\t\t\t\t\t\t\t<\/div>\n\t\t\t\t<\/div>\n\t\t\t\t<\/div>\n\t\t<div class=\"elementor-element elementor-element-8b75128 e-con-full e-flex e-con e-child\" data-id=\"8b75128\" data-element_type=\"container\" data-e-type=\"container\" data-settings=\"{&quot;_ha_eqh_enable&quot;:false}\">\n\t\t\t\t<div class=\"elementor-element elementor-element-aa0a22e elementor-widget elementor-widget-image\" data-id=\"aa0a22e\" data-element_type=\"widget\" data-e-type=\"widget\" data-widget_type=\"image.default\">\n\t\t\t\t<div class=\"elementor-widget-container\">\n\t\t\t\t\t\t\t\t\t\t\t\t\t\t\t<img loading=\"lazy\" decoding=\"async\" width=\"600\" height=\"400\" src=\"https:\/\/maisonitalic.com\/wp-content\/uploads\/2025\/11\/service2.jpg\" class=\"attachment-large size-large wp-image-2474\" alt=\"service2\" srcset=\"https:\/\/maisonitalic.com\/wp-content\/uploads\/2025\/11\/service2.jpg 600w, https:\/\/maisonitalic.com\/wp-content\/uploads\/2025\/11\/service2-300x200.jpg 300w, https:\/\/maisonitalic.com\/wp-content\/uploads\/2025\/11\/service2-150x100.jpg 150w\" sizes=\"auto, (max-width: 600px) 100vw, 600px\" \/>\t\t\t\t\t\t\t\t\t\t\t\t\t\t\t<\/div>\n\t\t\t\t<\/div>\n\t\t\t\t<\/div>\n\t\t\t\t<\/div>\n\t\t\t\t\t<\/div>\n\t\t\t\t<\/div>\n\t\t<div class=\"wd-negative-gap elementor-element elementor-element-15804fa wd-section-stretch e-flex e-con-boxed e-con e-parent\" data-id=\"15804fa\" data-element_type=\"container\" data-e-type=\"container\" data-settings=\"{&quot;_ha_eqh_enable&quot;:false}\">\n\t\t\t\t\t<div class=\"e-con-inner\">\n\t\t<div class=\"elementor-element elementor-element-ea80a36 e-con-full e-flex e-con e-child\" data-id=\"ea80a36\" data-element_type=\"container\" data-e-type=\"container\" data-settings=\"{&quot;_ha_eqh_enable&quot;:false}\">\n\t\t<div class=\"elementor-element elementor-element-4de01f6 e-con-full e-flex e-con e-child\" data-id=\"4de01f6\" data-element_type=\"container\" data-e-type=\"container\" data-settings=\"{&quot;_ha_eqh_enable&quot;:false}\">\n\t\t\t\t<div class=\"elementor-element elementor-element-de6b1af elementor-widget elementor-widget-image\" data-id=\"de6b1af\" data-element_type=\"widget\" data-e-type=\"widget\" data-widget_type=\"image.default\">\n\t\t\t\t<div class=\"elementor-widget-container\">\n\t\t\t\t\t\t\t\t\t\t\t\t\t\t\t<img loading=\"lazy\" decoding=\"async\" width=\"860\" height=\"610\" src=\"https:\/\/maisonitalic.com\/wp-content\/uploads\/2025\/10\/Professional-Collaborations.jpg\" class=\"attachment-full size-full wp-image-2475\" alt=\"Professional Collaborations\" srcset=\"https:\/\/maisonitalic.com\/wp-content\/uploads\/2025\/10\/Professional-Collaborations.jpg 860w, https:\/\/maisonitalic.com\/wp-content\/uploads\/2025\/10\/Professional-Collaborations-300x213.jpg 300w, https:\/\/maisonitalic.com\/wp-content\/uploads\/2025\/10\/Professional-Collaborations-768x545.jpg 768w, https:\/\/maisonitalic.com\/wp-content\/uploads\/2025\/10\/Professional-Collaborations-600x426.jpg 600w, https:\/\/maisonitalic.com\/wp-content\/uploads\/2025\/10\/Professional-Collaborations-150x106.jpg 150w\" sizes=\"auto, (max-width: 860px) 100vw, 860px\" \/>\t\t\t\t\t\t\t\t\t\t\t\t\t\t\t<\/div>\n\t\t\t\t<\/div>\n\t\t\t\t<\/div>\n\t\t<div class=\"elementor-element elementor-element-146f4f0 e-con-full e-flex e-con e-child\" data-id=\"146f4f0\" data-element_type=\"container\" data-e-type=\"container\" data-settings=\"{&quot;_ha_eqh_enable&quot;:false}\">\n\t\t\t\t<div class=\"elementor-element elementor-element-048cd19 elementor-widget elementor-widget-heading\" data-id=\"048cd19\" data-element_type=\"widget\" data-e-type=\"widget\" data-widget_type=\"heading.default\">\n\t\t\t\t<div class=\"elementor-widget-container\">\n\t\t\t\t\t<h3 class=\"elementor-heading-title elementor-size-default\">Gesti\u00f3n integral de proyectos<\/h3>\t\t\t\t<\/div>\n\t\t\t\t<\/div>\n\t\t\t\t<div class=\"elementor-element elementor-element-38ed965 color-scheme-inherit text-left elementor-widget elementor-widget-text-editor\" data-id=\"38ed965\" data-element_type=\"widget\" data-e-type=\"widget\" data-widget_type=\"text-editor.default\">\n\t\t\t\t<div class=\"elementor-widget-container\">\n\t\t\t\t\t\t\t\t\tSupervisamos plazos, presupuesto, compras y calidad. Un \u00fanico interlocutor coordina todas las fases, desde el primer briefing hasta la entrega.\t\t\t\t\t\t\t\t<\/div>\n\t\t\t\t<\/div>\n\t\t\t\t<\/div>\n\t\t\t\t<\/div>\n\t\t\t\t\t<\/div>\n\t\t\t\t<\/div>\n\t\t<div class=\"wd-negative-gap elementor-element elementor-element-cfb3dcf wd-section-stretch e-flex e-con-boxed e-con e-parent\" data-id=\"cfb3dcf\" data-element_type=\"container\" data-e-type=\"container\" data-settings=\"{&quot;background_background&quot;:&quot;classic&quot;,&quot;_ha_eqh_enable&quot;:false}\">\n\t\t\t\t\t<div class=\"e-con-inner\">\n\t\t<div class=\"elementor-element elementor-element-399950b e-con-full e-flex e-con e-child\" data-id=\"399950b\" data-element_type=\"container\" data-e-type=\"container\" data-settings=\"{&quot;_ha_eqh_enable&quot;:false}\">\n\t\t<div class=\"elementor-element elementor-element-88ac68f e-con-full e-flex e-con e-child\" data-id=\"88ac68f\" data-element_type=\"container\" data-e-type=\"container\" data-settings=\"{&quot;_ha_eqh_enable&quot;:false}\">\n\t\t\t\t<div class=\"elementor-element elementor-element-c43b6ae elementor-widget elementor-widget-heading\" data-id=\"c43b6ae\" data-element_type=\"widget\" data-e-type=\"widget\" data-widget_type=\"heading.default\">\n\t\t\t\t<div class=\"elementor-widget-container\">\n\t\t\t\t\t<h3 class=\"elementor-heading-title elementor-size-default\">Log\u00edstica y postventa<\/h3>\t\t\t\t<\/div>\n\t\t\t\t<\/div>\n\t\t\t\t<div class=\"elementor-element elementor-element-bbc387e color-scheme-inherit text-left elementor-widget elementor-widget-text-editor\" data-id=\"bbc387e\" data-element_type=\"widget\" data-e-type=\"widget\" data-widget_type=\"text-editor.default\">\n\t\t\t\t<div class=\"elementor-widget-container\">\n\t\t\t\t\t\t\t\t\tTransporte, montaje e instalaci\u00f3n, con garant\u00eda y servicio postventa para mantener el interior en buen estado durante a\u00f1os.\t\t\t\t\t\t\t\t<\/div>\n\t\t\t\t<\/div>\n\t\t\t\t<\/div>\n\t\t<div class=\"elementor-element elementor-element-66493e3 e-con-full e-flex e-con e-child\" data-id=\"66493e3\" data-element_type=\"container\" data-e-type=\"container\" data-settings=\"{&quot;_ha_eqh_enable&quot;:false}\">\n\t\t\t\t<div class=\"elementor-element elementor-element-2b7abfe elementor-widget elementor-widget-image\" data-id=\"2b7abfe\" data-element_type=\"widget\" data-e-type=\"widget\" data-widget_type=\"image.default\">\n\t\t\t\t<div class=\"elementor-widget-container\">\n\t\t\t\t\t\t\t\t\t\t\t\t\t\t\t<img loading=\"lazy\" decoding=\"async\" width=\"900\" height=\"900\" src=\"https:\/\/maisonitalic.com\/wp-content\/uploads\/2025\/08\/imgi_15_04_L1031379unico-copia.png\" class=\"attachment-large size-large wp-image-2003\" alt=\"Montgomery Sofa\" srcset=\"https:\/\/maisonitalic.com\/wp-content\/uploads\/2025\/08\/imgi_15_04_L1031379unico-copia.png 900w, https:\/\/maisonitalic.com\/wp-content\/uploads\/2025\/08\/imgi_15_04_L1031379unico-copia-300x300.png 300w, https:\/\/maisonitalic.com\/wp-content\/uploads\/2025\/08\/imgi_15_04_L1031379unico-copia-150x150.png 150w, https:\/\/maisonitalic.com\/wp-content\/uploads\/2025\/08\/imgi_15_04_L1031379unico-copia-768x768.png 768w, https:\/\/maisonitalic.com\/wp-content\/uploads\/2025\/08\/imgi_15_04_L1031379unico-copia-600x600.png 600w\" sizes=\"auto, (max-width: 900px) 100vw, 900px\" \/>\t\t\t\t\t\t\t\t\t\t\t\t\t\t\t<\/div>\n\t\t\t\t<\/div>\n\t\t\t\t<\/div>\n\t\t\t\t<\/div>\n\t\t\t\t\t<\/div>\n\t\t\t\t<\/div>\n\t\t\t\t<\/div>\n\t\t","protected":false},"excerpt":{"rendered":"<p>Ofrecemos los mejores servicios En\u00a0Maison Italic\u00a0desarrollamos proyectos de dise\u00f1o italiano contempor\u00e1neo y los gestionamos de principio a fin. Desde la<\/p>\n","protected":false},"author":1,"featured_media":0,"parent":0,"menu_order":0,"comment_status":"closed","ping_status":"closed","template":"","meta":{"footnotes":""},"class_list":["post-1874","page","type-page","status-publish","hentry"],"_links":{"self":[{"href":"https:\/\/maisonitalic.com\/es\/wp-json\/wp\/v2\/pages\/1874","targetHints":{"allow":["GET"]}}],"collection":[{"href":"https:\/\/maisonitalic.com\/es\/wp-json\/wp\/v2\/pages"}],"about":[{"href":"https:\/\/maisonitalic.com\/es\/wp-json\/wp\/v2\/types\/page"}],"author":[{"embeddable":true,"href":"https:\/\/maisonitalic.com\/es\/wp-json\/wp\/v2\/users\/1"}],"replies":[{"embeddable":true,"href":"https:\/\/maisonitalic.com\/es\/wp-json\/wp\/v2\/comments?post=1874"}],"version-history":[{"count":0,"href":"https:\/\/maisonitalic.com\/es\/wp-json\/wp\/v2\/pages\/1874\/revisions"}],"wp:attachment":[{"href":"https:\/\/maisonitalic.com\/es\/wp-json\/wp\/v2\/media?parent=1874"}],"curies":[{"name":"wp","href":"https:\/\/api.w.org\/{rel}","templated":true}]}}