{"id":1879,"date":"2025-08-25T08:42:33","date_gmt":"2025-08-25T08:42:33","guid":{"rendered":"https:\/\/maisonitalic.com\/projects\/"},"modified":"2025-11-19T10:58:35","modified_gmt":"2025-11-19T10:58:35","slug":"projects","status":"publish","type":"page","link":"https:\/\/maisonitalic.com\/es\/projects\/","title":{"rendered":"Proyectos"},"content":{"rendered":"\t\t<div data-elementor-type=\"wp-page\" data-elementor-id=\"1879\" class=\"elementor elementor-1879 elementor-90\">\n\t\t\t\t<div class=\"elementor-element elementor-element-db554bf e-con-full wd-section-stretch custom-padding e-flex e-con e-parent\" data-id=\"db554bf\" data-element_type=\"container\" data-e-type=\"container\" data-settings=\"{&quot;_ha_eqh_enable&quot;:false}\">\n\t\t<div class=\"elementor-element elementor-element-95f331f e-con-full e-flex e-con e-child\" data-id=\"95f331f\" data-element_type=\"container\" data-e-type=\"container\" data-settings=\"{&quot;_ha_eqh_enable&quot;:false}\">\n\t\t<div class=\"elementor-element elementor-element-2c7270c e-con-full e-flex e-con e-child\" data-id=\"2c7270c\" data-element_type=\"container\" data-e-type=\"container\" data-settings=\"{&quot;_ha_eqh_enable&quot;:false}\">\n\t\t\t\t<div class=\"elementor-element elementor-element-78ab72f elementor-widget elementor-widget-heading\" data-id=\"78ab72f\" data-element_type=\"widget\" data-e-type=\"widget\" data-widget_type=\"heading.default\">\n\t\t\t\t<div class=\"elementor-widget-container\">\n\t\t\t\t\t<h2 class=\"elementor-heading-title elementor-size-default\">Nuestros \u00faltimos proyectos<\/h2>\t\t\t\t<\/div>\n\t\t\t\t<\/div>\n\t\t\t\t<div class=\"elementor-element elementor-element-ccfc533 color-scheme-inherit text-left elementor-widget elementor-widget-text-editor\" data-id=\"ccfc533\" data-element_type=\"widget\" data-e-type=\"widget\" data-widget_type=\"text-editor.default\">\n\t\t\t\t<div class=\"elementor-widget-container\">\n\t\t\t\t\t\t\t\t\tTrabajamos en viviendas, apartamentos y showrooms en Espa\u00f1a, Francia y los Emiratos \u00c1rabes Unidos.\nCada proyecto refleja una est\u00e9tica sobria y equilibrada \u2014 tonos neutros, materiales naturales y una elegancia funcional.\nMaison Italic dise\u00f1a espacios pensados para vivir: contempor\u00e1neos, duraderos y aut\u00e9nticos.\n\t\t\t\t\t\t\t\t<\/div>\n\t\t\t\t<\/div>\n\t\t\t\t<\/div>\n\t\t\t\t<\/div>\n\t\t<div class=\"elementor-element elementor-element-9e698e5 e-con-full e-flex e-con e-child\" data-id=\"9e698e5\" data-element_type=\"container\" data-e-type=\"container\" data-settings=\"{&quot;_ha_eqh_enable&quot;:false}\">\n\t\t<div class=\"elementor-element elementor-element-1345688 e-con-full e-flex e-con e-child\" data-id=\"1345688\" data-element_type=\"container\" data-e-type=\"container\" data-settings=\"{&quot;_ha_eqh_enable&quot;:false}\">\n\t\t\t\t<div class=\"elementor-element elementor-element-0f8fb50 img-hover elementor-invisible elementor-widget elementor-widget-image\" data-id=\"0f8fb50\" data-element_type=\"widget\" data-e-type=\"widget\" data-settings=\"{&quot;_animation&quot;:&quot;fadeIn&quot;,&quot;_animation_delay&quot;:100}\" data-widget_type=\"image.default\">\n\t\t\t\t<div class=\"elementor-widget-container\">\n\t\t\t\t\t\t\t\t\t\t\t\t\t\t\t<img loading=\"lazy\" decoding=\"async\" width=\"800\" height=\"800\" src=\"https:\/\/maisonitalic.com\/wp-content\/uploads\/2025\/10\/kitchen.jpg\" class=\"attachment-full size-full wp-image-2195\" alt=\"kitchen\" srcset=\"https:\/\/maisonitalic.com\/wp-content\/uploads\/2025\/10\/kitchen.jpg 800w, https:\/\/maisonitalic.com\/wp-content\/uploads\/2025\/10\/kitchen-300x300.jpg 300w, https:\/\/maisonitalic.com\/wp-content\/uploads\/2025\/10\/kitchen-150x150.jpg 150w, https:\/\/maisonitalic.com\/wp-content\/uploads\/2025\/10\/kitchen-768x768.jpg 768w, https:\/\/maisonitalic.com\/wp-content\/uploads\/2025\/10\/kitchen-600x600.jpg 600w\" sizes=\"auto, (max-width: 800px) 100vw, 800px\" \/>\t\t\t\t\t\t\t\t\t\t\t\t\t\t\t<\/div>\n\t\t\t\t<\/div>\n\t\t<div class=\"elementor-element elementor-element-5477149 e-con-full e-flex e-con e-child\" data-id=\"5477149\" data-element_type=\"container\" data-e-type=\"container\" data-settings=\"{&quot;_ha_eqh_enable&quot;:false}\">\n\t\t<div class=\"elementor-element elementor-element-9811638 e-con-full e-flex e-con e-child\" data-id=\"9811638\" data-element_type=\"container\" data-e-type=\"container\" data-settings=\"{&quot;_ha_eqh_enable&quot;:false}\">\n\t\t\t\t<div class=\"elementor-element elementor-element-4489d51 elementor-widget elementor-widget-heading\" data-id=\"4489d51\" data-element_type=\"widget\" data-e-type=\"widget\" data-widget_type=\"heading.default\">\n\t\t\t\t<div class=\"elementor-widget-container\">\n\t\t\t\t\t<h2 class=\"elementor-heading-title elementor-size-default\">Cocina moderna<\/h2>\t\t\t\t<\/div>\n\t\t\t\t<\/div>\n\t\t\t\t<\/div>\n\t\t\t\t<div class=\"elementor-element elementor-element-740bbb5 elementor-widget-tablet__width-initial elementor-widget elementor-widget-button\" data-id=\"740bbb5\" data-element_type=\"widget\" data-e-type=\"widget\" data-widget_type=\"button.default\">\n\t\t\t\t<div class=\"elementor-widget-container\">\n\t\t\t\t\t\t\t\t\t<div class=\"elementor-button-wrapper\">\n\t\t\t\t\t<a class=\"elementor-button elementor-button-link elementor-size-sm\" href=\"https:\/\/maisonitalic.com\/es\/portfolio\/modern-kitchen\/\">\n\t\t\t\t\t\t<span class=\"elementor-button-content-wrapper\">\n\t\t\t\t\t\t\t\t\t<span class=\"elementor-button-text\">Leer m\u00e1s<\/span>\n\t\t\t\t\t<\/span>\n\t\t\t\t\t<\/a>\n\t\t\t\t<\/div>\n\t\t\t\t\t\t\t\t<\/div>\n\t\t\t\t<\/div>\n\t\t\t\t<\/div>\n\t\t\t\t<\/div>\n\t\t<div class=\"elementor-element elementor-element-d7ea61c e-con-full e-flex e-con e-child\" data-id=\"d7ea61c\" data-element_type=\"container\" data-e-type=\"container\" data-settings=\"{&quot;_ha_eqh_enable&quot;:false}\">\n\t\t\t\t<div class=\"elementor-element elementor-element-6f69e59 img-hover elementor-widget elementor-widget-image\" data-id=\"6f69e59\" data-element_type=\"widget\" data-e-type=\"widget\" data-widget_type=\"image.default\">\n\t\t\t\t<div class=\"elementor-widget-container\">\n\t\t\t\t\t\t\t\t\t\t\t\t\t\t\t<img loading=\"lazy\" decoding=\"async\" width=\"800\" height=\"950\" src=\"https:\/\/maisonitalic.com\/wp-content\/uploads\/2025\/10\/bed-project.jpg\" class=\"attachment-full size-full wp-image-2196\" alt=\"\" srcset=\"https:\/\/maisonitalic.com\/wp-content\/uploads\/2025\/10\/bed-project.jpg 800w, https:\/\/maisonitalic.com\/wp-content\/uploads\/2025\/10\/bed-project-253x300.jpg 253w, https:\/\/maisonitalic.com\/wp-content\/uploads\/2025\/10\/bed-project-768x912.jpg 768w, https:\/\/maisonitalic.com\/wp-content\/uploads\/2025\/10\/bed-project-600x713.jpg 600w, https:\/\/maisonitalic.com\/wp-content\/uploads\/2025\/10\/bed-project-150x178.jpg 150w\" sizes=\"auto, (max-width: 800px) 100vw, 800px\" \/>\t\t\t\t\t\t\t\t\t\t\t\t\t\t\t<\/div>\n\t\t\t\t<\/div>\n\t\t<div class=\"elementor-element elementor-element-d1dcded e-con-full e-flex e-con e-child\" data-id=\"d1dcded\" data-element_type=\"container\" data-e-type=\"container\" data-settings=\"{&quot;_ha_eqh_enable&quot;:false}\">\n\t\t<div class=\"elementor-element elementor-element-e21d1eb e-con-full e-flex e-con e-child\" data-id=\"e21d1eb\" data-element_type=\"container\" data-e-type=\"container\" data-settings=\"{&quot;_ha_eqh_enable&quot;:false}\">\n\t\t<div class=\"elementor-element elementor-element-50836ac e-con-full e-flex e-con e-child\" data-id=\"50836ac\" data-element_type=\"container\" data-e-type=\"container\" data-settings=\"{&quot;_ha_eqh_enable&quot;:false}\">\n\t\t\t\t<div class=\"elementor-element elementor-element-e46140a elementor-widget elementor-widget-heading\" data-id=\"e46140a\" data-element_type=\"widget\" data-e-type=\"widget\" data-widget_type=\"heading.default\">\n\t\t\t\t<div class=\"elementor-widget-container\">\n\t\t\t\t\t<h2 class=\"elementor-heading-title elementor-size-default\">Dormitorio principal<\/h2>\t\t\t\t<\/div>\n\t\t\t\t<\/div>\n\t\t\t\t<div class=\"elementor-element elementor-element-bae14e1 elementor-widget elementor-widget-button\" data-id=\"bae14e1\" data-element_type=\"widget\" data-e-type=\"widget\" data-widget_type=\"button.default\">\n\t\t\t\t<div class=\"elementor-widget-container\">\n\t\t\t\t\t\t\t\t\t<div class=\"elementor-button-wrapper\">\n\t\t\t\t\t<a class=\"elementor-button elementor-button-link elementor-size-sm\" href=\"https:\/\/maisonitalic.com\/es\/portfolio\/master-bedroom\/\">\n\t\t\t\t\t\t<span class=\"elementor-button-content-wrapper\">\n\t\t\t\t\t\t\t\t\t<span class=\"elementor-button-text\">Leer m\u00e1s<\/span>\n\t\t\t\t\t<\/span>\n\t\t\t\t\t<\/a>\n\t\t\t\t<\/div>\n\t\t\t\t\t\t\t\t<\/div>\n\t\t\t\t<\/div>\n\t\t\t\t<\/div>\n\t\t\t\t<\/div>\n\t\t\t\t<\/div>\n\t\t\t\t<\/div>\n\t\t\t\t<\/div>\n\t\t<div class=\"elementor-element elementor-element-61cb6c7 e-con-full e-flex e-con e-child\" data-id=\"61cb6c7\" data-element_type=\"container\" data-e-type=\"container\" data-settings=\"{&quot;_ha_eqh_enable&quot;:false}\">\n\t\t<div class=\"elementor-element elementor-element-dcd52a0 e-con-full e-flex e-con e-child\" data-id=\"dcd52a0\" data-element_type=\"container\" data-e-type=\"container\" data-settings=\"{&quot;_ha_eqh_enable&quot;:false}\">\n\t\t\t\t<div class=\"elementor-element elementor-element-7398679 img-hover elementor-widget elementor-widget-image\" data-id=\"7398679\" data-element_type=\"widget\" data-e-type=\"widget\" data-widget_type=\"image.default\">\n\t\t\t\t<div class=\"elementor-widget-container\">\n\t\t\t\t\t\t\t\t\t\t\t\t\t\t\t<img loading=\"lazy\" decoding=\"async\" width=\"800\" height=\"950\" src=\"https:\/\/maisonitalic.com\/wp-content\/uploads\/2025\/10\/bathroom-project.jpg\" class=\"attachment-full size-full wp-image-2197\" alt=\"\" srcset=\"https:\/\/maisonitalic.com\/wp-content\/uploads\/2025\/10\/bathroom-project.jpg 800w, https:\/\/maisonitalic.com\/wp-content\/uploads\/2025\/10\/bathroom-project-253x300.jpg 253w, https:\/\/maisonitalic.com\/wp-content\/uploads\/2025\/10\/bathroom-project-768x912.jpg 768w, https:\/\/maisonitalic.com\/wp-content\/uploads\/2025\/10\/bathroom-project-600x713.jpg 600w, https:\/\/maisonitalic.com\/wp-content\/uploads\/2025\/10\/bathroom-project-150x178.jpg 150w\" sizes=\"auto, (max-width: 800px) 100vw, 800px\" \/>\t\t\t\t\t\t\t\t\t\t\t\t\t\t\t<\/div>\n\t\t\t\t<\/div>\n\t\t<div class=\"elementor-element elementor-element-8bc5064 e-con-full e-flex e-con e-child\" data-id=\"8bc5064\" data-element_type=\"container\" data-e-type=\"container\" data-settings=\"{&quot;_ha_eqh_enable&quot;:false}\">\n\t\t<div class=\"elementor-element elementor-element-e67aa83 e-con-full e-flex e-con e-child\" data-id=\"e67aa83\" data-element_type=\"container\" data-e-type=\"container\" data-settings=\"{&quot;_ha_eqh_enable&quot;:false}\">\n\t\t<div class=\"elementor-element elementor-element-049900d e-con-full e-flex e-con e-child\" data-id=\"049900d\" data-element_type=\"container\" data-e-type=\"container\" data-settings=\"{&quot;_ha_eqh_enable&quot;:false}\">\n\t\t\t\t<div class=\"elementor-element elementor-element-2b0fb39 elementor-widget elementor-widget-heading\" data-id=\"2b0fb39\" data-element_type=\"widget\" data-e-type=\"widget\" data-widget_type=\"heading.default\">\n\t\t\t\t<div class=\"elementor-widget-container\">\n\t\t\t\t\t<h2 class=\"elementor-heading-title elementor-size-default\">Ba\u00f1os<\/h2>\t\t\t\t<\/div>\n\t\t\t\t<\/div>\n\t\t\t\t<div class=\"elementor-element elementor-element-700840b elementor-widget elementor-widget-button\" data-id=\"700840b\" data-element_type=\"widget\" data-e-type=\"widget\" data-widget_type=\"button.default\">\n\t\t\t\t<div class=\"elementor-widget-container\">\n\t\t\t\t\t\t\t\t\t<div class=\"elementor-button-wrapper\">\n\t\t\t\t\t<a class=\"elementor-button elementor-button-link elementor-size-sm\" href=\"https:\/\/maisonitalic.com\/es\/portfolio\/bathrooms\/\">\n\t\t\t\t\t\t<span class=\"elementor-button-content-wrapper\">\n\t\t\t\t\t\t\t\t\t<span class=\"elementor-button-text\">Leer m\u00e1s<\/span>\n\t\t\t\t\t<\/span>\n\t\t\t\t\t<\/a>\n\t\t\t\t<\/div>\n\t\t\t\t\t\t\t\t<\/div>\n\t\t\t\t<\/div>\n\t\t\t\t<\/div>\n\t\t\t\t<\/div>\n\t\t\t\t<\/div>\n\t\t\t\t<\/div>\n\t\t<div class=\"elementor-element elementor-element-716e745 e-con-full e-flex e-con e-child\" data-id=\"716e745\" data-element_type=\"container\" data-e-type=\"container\" data-settings=\"{&quot;_ha_eqh_enable&quot;:false}\">\n\t\t\t\t<div class=\"elementor-element elementor-element-9fe9a53 img-hover elementor-invisible elementor-widget elementor-widget-image\" data-id=\"9fe9a53\" data-element_type=\"widget\" data-e-type=\"widget\" data-settings=\"{&quot;_animation&quot;:&quot;fadeIn&quot;,&quot;_animation_delay&quot;:200}\" data-widget_type=\"image.default\">\n\t\t\t\t<div class=\"elementor-widget-container\">\n\t\t\t\t\t\t\t\t\t\t\t\t\t\t\t<img loading=\"lazy\" decoding=\"async\" width=\"800\" height=\"800\" src=\"https:\/\/maisonitalic.com\/wp-content\/uploads\/2025\/10\/decore.jpg\" class=\"attachment-full size-full wp-image-2198\" alt=\"decore\" srcset=\"https:\/\/maisonitalic.com\/wp-content\/uploads\/2025\/10\/decore.jpg 800w, https:\/\/maisonitalic.com\/wp-content\/uploads\/2025\/10\/decore-300x300.jpg 300w, https:\/\/maisonitalic.com\/wp-content\/uploads\/2025\/10\/decore-150x150.jpg 150w, https:\/\/maisonitalic.com\/wp-content\/uploads\/2025\/10\/decore-768x768.jpg 768w, https:\/\/maisonitalic.com\/wp-content\/uploads\/2025\/10\/decore-600x600.jpg 600w\" sizes=\"auto, (max-width: 800px) 100vw, 800px\" \/>\t\t\t\t\t\t\t\t\t\t\t\t\t\t\t<\/div>\n\t\t\t\t<\/div>\n\t\t<div class=\"elementor-element elementor-element-c8326a4 e-con-full e-flex e-con e-child\" data-id=\"c8326a4\" data-element_type=\"container\" data-e-type=\"container\" data-settings=\"{&quot;_ha_eqh_enable&quot;:false}\">\n\t\t<div class=\"elementor-element elementor-element-c919df3 e-con-full e-flex e-con e-child\" data-id=\"c919df3\" data-element_type=\"container\" data-e-type=\"container\" data-settings=\"{&quot;_ha_eqh_enable&quot;:false}\">\n\t\t\t\t<div class=\"elementor-element elementor-element-1e644c3 elementor-widget elementor-widget-heading\" data-id=\"1e644c3\" data-element_type=\"widget\" data-e-type=\"widget\" data-widget_type=\"heading.default\">\n\t\t\t\t<div class=\"elementor-widget-container\">\n\t\t\t\t\t<h2 class=\"elementor-heading-title elementor-size-default\">DECORACI\u00d3N<\/h2>\t\t\t\t<\/div>\n\t\t\t\t<\/div>\n\t\t\t\t<\/div>\n\t\t\t\t<div class=\"elementor-element elementor-element-3b835dd elementor-widget elementor-widget-button\" data-id=\"3b835dd\" data-element_type=\"widget\" data-e-type=\"widget\" data-widget_type=\"button.default\">\n\t\t\t\t<div class=\"elementor-widget-container\">\n\t\t\t\t\t\t\t\t\t<div class=\"elementor-button-wrapper\">\n\t\t\t\t\t<a class=\"elementor-button elementor-button-link elementor-size-sm\" href=\"https:\/\/maisonitalic.com\/es\/portfolio\/decor\/\">\n\t\t\t\t\t\t<span class=\"elementor-button-content-wrapper\">\n\t\t\t\t\t\t\t\t\t<span class=\"elementor-button-text\">Leer m\u00e1s<\/span>\n\t\t\t\t\t<\/span>\n\t\t\t\t\t<\/a>\n\t\t\t\t<\/div>\n\t\t\t\t\t\t\t\t<\/div>\n\t\t\t\t<\/div>\n\t\t\t\t<\/div>\n\t\t\t\t<\/div>\n\t\t\t\t<\/div>\n\t\t<div class=\"elementor-element elementor-element-7032f2a e-con-full e-flex e-con e-child\" data-id=\"7032f2a\" data-element_type=\"container\" data-e-type=\"container\" data-settings=\"{&quot;_ha_eqh_enable&quot;:false}\">\n\t\t<div class=\"elementor-element elementor-element-0e99eae e-con-full e-flex e-con e-child\" data-id=\"0e99eae\" data-element_type=\"container\" data-e-type=\"container\" data-settings=\"{&quot;_ha_eqh_enable&quot;:false}\">\n\t\t\t\t<div class=\"elementor-element elementor-element-800b4a5 img-hover elementor-invisible elementor-widget elementor-widget-image\" data-id=\"800b4a5\" data-element_type=\"widget\" data-e-type=\"widget\" data-settings=\"{&quot;_animation&quot;:&quot;fadeIn&quot;,&quot;_animation_delay&quot;:300}\" data-widget_type=\"image.default\">\n\t\t\t\t<div class=\"elementor-widget-container\">\n\t\t\t\t\t\t\t\t\t\t\t\t\t\t\t<img loading=\"lazy\" decoding=\"async\" width=\"1920\" height=\"900\" src=\"https:\/\/maisonitalic.com\/wp-content\/uploads\/2025\/10\/sofa1.jpg\" class=\"attachment-full size-full wp-image-1880\" alt=\"sofa1\" srcset=\"https:\/\/maisonitalic.com\/wp-content\/uploads\/2025\/10\/sofa1.jpg 1920w, https:\/\/maisonitalic.com\/wp-content\/uploads\/2025\/10\/sofa1-300x141.jpg 300w, https:\/\/maisonitalic.com\/wp-content\/uploads\/2025\/10\/sofa1-1024x480.jpg 1024w, https:\/\/maisonitalic.com\/wp-content\/uploads\/2025\/10\/sofa1-768x360.jpg 768w, https:\/\/maisonitalic.com\/wp-content\/uploads\/2025\/10\/sofa1-1536x720.jpg 1536w, https:\/\/maisonitalic.com\/wp-content\/uploads\/2025\/10\/sofa1-600x281.jpg 600w, https:\/\/maisonitalic.com\/wp-content\/uploads\/2025\/10\/sofa1-150x70.jpg 150w\" sizes=\"auto, (max-width: 1920px) 100vw, 1920px\" \/>\t\t\t\t\t\t\t\t\t\t\t\t\t\t\t<\/div>\n\t\t\t\t<\/div>\n\t\t<div class=\"elementor-element elementor-element-530c75b e-con-full e-flex e-con e-child\" data-id=\"530c75b\" data-element_type=\"container\" data-e-type=\"container\" data-settings=\"{&quot;_ha_eqh_enable&quot;:false}\">\n\t\t<div class=\"elementor-element elementor-element-38445fd e-con-full e-flex e-con e-child\" data-id=\"38445fd\" data-element_type=\"container\" data-e-type=\"container\" data-settings=\"{&quot;_ha_eqh_enable&quot;:false}\">\n\t\t\t\t<div class=\"elementor-element elementor-element-66207e1 elementor-widget elementor-widget-heading\" data-id=\"66207e1\" data-element_type=\"widget\" data-e-type=\"widget\" data-widget_type=\"heading.default\">\n\t\t\t\t<div class=\"elementor-widget-container\">\n\t\t\t\t\t<h2 class=\"elementor-heading-title elementor-size-default\">SOF\u00c1S<\/h2>\t\t\t\t<\/div>\n\t\t\t\t<\/div>\n\t\t\t\t<\/div>\n\t\t\t\t<div class=\"elementor-element elementor-element-08cad0a elementor-widget elementor-widget-button\" data-id=\"08cad0a\" data-element_type=\"widget\" data-e-type=\"widget\" data-widget_type=\"button.default\">\n\t\t\t\t<div class=\"elementor-widget-container\">\n\t\t\t\t\t\t\t\t\t<div class=\"elementor-button-wrapper\">\n\t\t\t\t\t<a class=\"elementor-button elementor-button-link elementor-size-sm\" href=\"https:\/\/maisonitalic.com\/es\/portfolio\/sofas\/\">\n\t\t\t\t\t\t<span class=\"elementor-button-content-wrapper\">\n\t\t\t\t\t\t\t\t\t<span class=\"elementor-button-text\">Leer m\u00e1s<\/span>\n\t\t\t\t\t<\/span>\n\t\t\t\t\t<\/a>\n\t\t\t\t<\/div>\n\t\t\t\t\t\t\t\t<\/div>\n\t\t\t\t<\/div>\n\t\t\t\t<\/div>\n\t\t\t\t<\/div>\n\t\t\t\t<\/div>\n\t\t\t\t<\/div>\n\t\t\t\t<\/div>\n\t\t","protected":false},"excerpt":{"rendered":"<p>Nuestros \u00faltimos proyectos Trabajamos en viviendas, apartamentos y showrooms en Espa\u00f1a, Francia y los Emiratos \u00c1rabes Unidos. Cada proyecto refleja<\/p>\n","protected":false},"author":1,"featured_media":0,"parent":0,"menu_order":0,"comment_status":"closed","ping_status":"closed","template":"","meta":{"footnotes":""},"class_list":["post-1879","page","type-page","status-publish","hentry"],"_links":{"self":[{"href":"https:\/\/maisonitalic.com\/es\/wp-json\/wp\/v2\/pages\/1879","targetHints":{"allow":["GET"]}}],"collection":[{"href":"https:\/\/maisonitalic.com\/es\/wp-json\/wp\/v2\/pages"}],"about":[{"href":"https:\/\/maisonitalic.com\/es\/wp-json\/wp\/v2\/types\/page"}],"author":[{"embeddable":true,"href":"https:\/\/maisonitalic.com\/es\/wp-json\/wp\/v2\/users\/1"}],"replies":[{"embeddable":true,"href":"https:\/\/maisonitalic.com\/es\/wp-json\/wp\/v2\/comments?post=1879"}],"version-history":[{"count":0,"href":"https:\/\/maisonitalic.com\/es\/wp-json\/wp\/v2\/pages\/1879\/revisions"}],"wp:attachment":[{"href":"https:\/\/maisonitalic.com\/es\/wp-json\/wp\/v2\/media?parent=1879"}],"curies":[{"name":"wp","href":"https:\/\/api.w.org\/{rel}","templated":true}]}}