{"id":1896,"date":"2025-08-25T08:42:44","date_gmt":"2025-08-25T08:42:44","guid":{"rendered":"https:\/\/maisonitalic.com\/about\/"},"modified":"2026-01-30T15:22:26","modified_gmt":"2026-01-30T15:22:26","slug":"about","status":"publish","type":"page","link":"https:\/\/maisonitalic.com\/es\/about\/","title":{"rendered":"Acerca de"},"content":{"rendered":"\t\t<div data-elementor-type=\"wp-page\" data-elementor-id=\"1896\" class=\"elementor elementor-1896 elementor-92\">\n\t\t\t\t<div class=\"wd-negative-gap elementor-element elementor-element-9e4cb81 wd-section-stretch e-flex e-con-boxed e-con e-parent\" data-id=\"9e4cb81\" data-element_type=\"container\" data-e-type=\"container\" data-settings=\"{&quot;_ha_eqh_enable&quot;:false}\">\n\t\t\t\t\t<div class=\"e-con-inner\">\n\t\t<div class=\"elementor-element elementor-element-b0cbfbc e-con-full e-flex e-con e-child\" data-id=\"b0cbfbc\" data-element_type=\"container\" data-e-type=\"container\" data-settings=\"{&quot;_ha_eqh_enable&quot;:false}\">\n\t\t<div class=\"elementor-element elementor-element-1c84b3a e-con-full e-flex e-con e-child\" data-id=\"1c84b3a\" data-element_type=\"container\" data-e-type=\"container\" data-settings=\"{&quot;_ha_eqh_enable&quot;:false}\">\n\t\t\t\t<div class=\"elementor-element elementor-element-640fb87 elementor-widget elementor-widget-image\" data-id=\"640fb87\" data-element_type=\"widget\" data-e-type=\"widget\" data-widget_type=\"image.default\">\n\t\t\t\t<div class=\"elementor-widget-container\">\n\t\t\t\t\t\t\t\t\t\t\t\t\t\t\t<img loading=\"lazy\" decoding=\"async\" width=\"700\" height=\"700\" src=\"https:\/\/maisonitalic.com\/wp-content\/uploads\/2025\/11\/about-img1.jpg\" class=\"attachment-full size-full wp-image-2202\" alt=\"about-img1\" srcset=\"https:\/\/maisonitalic.com\/wp-content\/uploads\/2025\/11\/about-img1.jpg 700w, https:\/\/maisonitalic.com\/wp-content\/uploads\/2025\/11\/about-img1-300x300.jpg 300w, https:\/\/maisonitalic.com\/wp-content\/uploads\/2025\/11\/about-img1-150x150.jpg 150w, https:\/\/maisonitalic.com\/wp-content\/uploads\/2025\/11\/about-img1-600x600.jpg 600w\" sizes=\"auto, (max-width: 700px) 100vw, 700px\" \/>\t\t\t\t\t\t\t\t\t\t\t\t\t\t\t<\/div>\n\t\t\t\t<\/div>\n\t\t\t\t<\/div>\n\t\t<div class=\"elementor-element elementor-element-437967a e-con-full e-flex e-con e-child\" data-id=\"437967a\" data-element_type=\"container\" data-e-type=\"container\" data-settings=\"{&quot;_ha_eqh_enable&quot;:false}\">\n\t\t\t\t<div class=\"elementor-element elementor-element-6911881 color-scheme-inherit text-left elementor-widget elementor-widget-text-editor\" data-id=\"6911881\" data-element_type=\"widget\" data-e-type=\"widget\" data-widget_type=\"text-editor.default\">\n\t\t\t\t<div class=\"elementor-widget-container\">\n\t\t\t\t\t\t\t\t\t<p>Maison Italic es un estudio de dise\u00f1o con sede en Italia.&nbsp;<\/p>\t\t\t\t\t\t\t\t<\/div>\n\t\t\t\t<\/div>\n\t\t\t\t<div class=\"elementor-element elementor-element-1686621 color-scheme-inherit text-left elementor-widget elementor-widget-text-editor\" data-id=\"1686621\" data-element_type=\"widget\" data-e-type=\"widget\" data-widget_type=\"text-editor.default\">\n\t\t\t\t<div class=\"elementor-widget-container\">\n\t\t\t\t\t\t\t\t\tCreamos interiores serenos, funcionales y atemporales.\t\t\t\t\t\t\t\t<\/div>\n\t\t\t\t<\/div>\n\t\t\t\t<div class=\"elementor-element elementor-element-13a6c55 color-scheme-inherit text-left elementor-widget elementor-widget-text-editor\" data-id=\"13a6c55\" data-element_type=\"widget\" data-e-type=\"widget\" data-widget_type=\"text-editor.default\">\n\t\t\t\t<div class=\"elementor-widget-container\">\n\t\t\t\t\t\t\t\t\tColaboramos con marcas italianas de mobiliario y artesanos europeos para construir espacios definidos por la luz, la proporci\u00f3n y los materiales naturales.\t\t\t\t\t\t\t\t<\/div>\n\t\t\t\t<\/div>\n\t\t\t\t<div class=\"elementor-element elementor-element-a378fae color-scheme-inherit text-left elementor-widget elementor-widget-text-editor\" data-id=\"a378fae\" data-element_type=\"widget\" data-e-type=\"widget\" data-widget_type=\"text-editor.default\">\n\t\t\t\t<div class=\"elementor-widget-container\">\n\t\t\t\t\t\t\t\t\tNuestra filosof\u00eda es sencilla: el dise\u00f1o debe sentirse aut\u00e9ntico y personal.\nCada proyecto refleja la forma de vida de quienes lo habitan, cuidando los detalles, el confort y la coherencia visual.\t\t\t\t\t\t\t\t<\/div>\n\t\t\t\t<\/div>\n\t\t\t\t<div class=\"elementor-element elementor-element-1583126 color-scheme-inherit text-left elementor-widget elementor-widget-text-editor\" data-id=\"1583126\" data-element_type=\"widget\" data-e-type=\"widget\" data-widget_type=\"text-editor.default\">\n\t\t\t\t<div class=\"elementor-widget-container\">\n\t\t\t\t\t\t\t\t\tMaison Italic acompa\u00f1a todo el proceso \u2014desde la idea inicial hasta el resultado final\u2014 con precisi\u00f3n, sensibilidad y atenci\u00f3n a cada detalle.\t\t\t\t\t\t\t\t<\/div>\n\t\t\t\t<\/div>\n\t\t\t\t<\/div>\n\t\t\t\t<\/div>\n\t\t\t\t\t<\/div>\n\t\t\t\t<\/div>\n\t\t\t\t<\/div>\n\t\t","protected":false},"excerpt":{"rendered":"<p>Maison Italic es un estudio de dise\u00f1o con sede en Italia.&nbsp; Creamos interiores serenos, funcionales y atemporales.Colaboramos con marcas italianas<\/p>\n","protected":false},"author":1,"featured_media":0,"parent":0,"menu_order":0,"comment_status":"closed","ping_status":"closed","template":"","meta":{"footnotes":""},"class_list":["post-1896","page","type-page","status-publish","hentry"],"_links":{"self":[{"href":"https:\/\/maisonitalic.com\/es\/wp-json\/wp\/v2\/pages\/1896","targetHints":{"allow":["GET"]}}],"collection":[{"href":"https:\/\/maisonitalic.com\/es\/wp-json\/wp\/v2\/pages"}],"about":[{"href":"https:\/\/maisonitalic.com\/es\/wp-json\/wp\/v2\/types\/page"}],"author":[{"embeddable":true,"href":"https:\/\/maisonitalic.com\/es\/wp-json\/wp\/v2\/users\/1"}],"replies":[{"embeddable":true,"href":"https:\/\/maisonitalic.com\/es\/wp-json\/wp\/v2\/comments?post=1896"}],"version-history":[{"count":3,"href":"https:\/\/maisonitalic.com\/es\/wp-json\/wp\/v2\/pages\/1896\/revisions"}],"predecessor-version":[{"id":2847,"href":"https:\/\/maisonitalic.com\/es\/wp-json\/wp\/v2\/pages\/1896\/revisions\/2847"}],"wp:attachment":[{"href":"https:\/\/maisonitalic.com\/es\/wp-json\/wp\/v2\/media?parent=1896"}],"curies":[{"name":"wp","href":"https:\/\/api.w.org\/{rel}","templated":true}]}}