{"id":1975,"date":"2025-08-28T07:41:36","date_gmt":"2025-08-28T07:41:36","guid":{"rendered":"https:\/\/maisonitalic.com\/product\/jared-bed\/"},"modified":"2025-11-19T09:15:18","modified_gmt":"2025-11-19T09:15:18","slug":"jared-bed","status":"publish","type":"product","link":"https:\/\/maisonitalic.com\/es\/producto\/jared-bed\/","title":{"rendered":"Jared Bed"},"content":{"rendered":"<p>La cama es la pieza central de cualquier dormitorio, pues combina comodidad, funcionalidad y estilo. Disponibles en una variedad de dise\u00f1os, como camas con plataforma, camas con almacenaje, camas trineo, camas con dosel, literas y sof\u00e1s cama, cada estilo ofrece ventajas \u00fanicas que se adaptan a diferentes estilos de vida y espacios. Las camas vienen en tama\u00f1os est\u00e1ndar que van desde individuales y dobles hasta queen, king y super king, lo que garantiza que se ajusten perfectamente tanto a habitaciones compactas como espaciosas. Los materiales juegan un papel fundamental en el dise\u00f1o y la durabilidad.<\/p>\n","protected":false},"excerpt":{"rendered":"<p>La cama es la pieza central de cualquier dormitorio, pues combina comodidad, funcionalidad y estilo. Disponibles en una variedad de<\/p>\n","protected":false},"featured_media":2817,"comment_status":"open","ping_status":"closed","template":"","meta":[],"product_brand":[],"product_cat":[44],"product_tag":[],"class_list":{"0":"post-1975","1":"product","2":"type-product","3":"status-publish","4":"has-post-thumbnail","6":"product_cat-beds","8":"first","9":"instock","10":"shipping-taxable","11":"purchasable","12":"product-type-simple"},"_links":{"self":[{"href":"https:\/\/maisonitalic.com\/es\/wp-json\/wp\/v2\/product\/1975","targetHints":{"allow":["GET"]}}],"collection":[{"href":"https:\/\/maisonitalic.com\/es\/wp-json\/wp\/v2\/product"}],"about":[{"href":"https:\/\/maisonitalic.com\/es\/wp-json\/wp\/v2\/types\/product"}],"replies":[{"embeddable":true,"href":"https:\/\/maisonitalic.com\/es\/wp-json\/wp\/v2\/comments?post=1975"}],"version-history":[{"count":0,"href":"https:\/\/maisonitalic.com\/es\/wp-json\/wp\/v2\/product\/1975\/revisions"}],"wp:featuredmedia":[{"embeddable":true,"href":"https:\/\/maisonitalic.com\/es\/wp-json\/wp\/v2\/media\/2817"}],"wp:attachment":[{"href":"https:\/\/maisonitalic.com\/es\/wp-json\/wp\/v2\/media?parent=1975"}],"wp:term":[{"taxonomy":"product_brand","embeddable":true,"href":"https:\/\/maisonitalic.com\/es\/wp-json\/wp\/v2\/product_brand?post=1975"},{"taxonomy":"product_cat","embeddable":true,"href":"https:\/\/maisonitalic.com\/es\/wp-json\/wp\/v2\/product_cat?post=1975"},{"taxonomy":"product_tag","embeddable":true,"href":"https:\/\/maisonitalic.com\/es\/wp-json\/wp\/v2\/product_tag?post=1975"}],"curies":[{"name":"wp","href":"https:\/\/api.w.org\/{rel}","templated":true}]}}