{"id":1980,"date":"2025-09-11T09:23:56","date_gmt":"2025-09-11T09:23:56","guid":{"rendered":"https:\/\/maisonitalic.com\/product\/wall-art-frames\/"},"modified":"2025-11-19T09:15:52","modified_gmt":"2025-11-19T09:15:52","slug":"wall-art-frames","status":"publish","type":"product","link":"https:\/\/maisonitalic.com\/es\/producto\/wall-art-frames\/","title":{"rendered":"Arte mural y marcos"},"content":{"rendered":"<p>La decoraci\u00f3n del hogar es el arte de transformar un espacio vital en un reflejo del estilo personal, la comodidad y la funcionalidad. Desde elegantes obras de arte en las paredes, espejos decorativos e iluminaci\u00f3n impactante hasta acogedoras alfombras, cojines y mantas, cada detalle a\u00f1ade calidez y personalidad a una habitaci\u00f3n. Elementos decorativos cuidadosamente elegidos, como jarrones, esculturas, plantas de interior y velas, pueden crear puntos focales que realzan el ambiente.<\/p>\n","protected":false},"excerpt":{"rendered":"<p>La decoraci\u00f3n del hogar es el arte de transformar un espacio vital en un reflejo del estilo personal, la comodidad<\/p>\n","protected":false},"featured_media":2825,"comment_status":"open","ping_status":"closed","template":"","meta":[],"product_brand":[],"product_cat":[46],"product_tag":[],"class_list":{"0":"post-1980","1":"product","2":"type-product","3":"status-publish","4":"has-post-thumbnail","6":"product_cat-decor","8":"first","9":"instock","10":"shipping-taxable","11":"purchasable","12":"product-type-simple"},"_links":{"self":[{"href":"https:\/\/maisonitalic.com\/es\/wp-json\/wp\/v2\/product\/1980","targetHints":{"allow":["GET"]}}],"collection":[{"href":"https:\/\/maisonitalic.com\/es\/wp-json\/wp\/v2\/product"}],"about":[{"href":"https:\/\/maisonitalic.com\/es\/wp-json\/wp\/v2\/types\/product"}],"replies":[{"embeddable":true,"href":"https:\/\/maisonitalic.com\/es\/wp-json\/wp\/v2\/comments?post=1980"}],"version-history":[{"count":0,"href":"https:\/\/maisonitalic.com\/es\/wp-json\/wp\/v2\/product\/1980\/revisions"}],"wp:featuredmedia":[{"embeddable":true,"href":"https:\/\/maisonitalic.com\/es\/wp-json\/wp\/v2\/media\/2825"}],"wp:attachment":[{"href":"https:\/\/maisonitalic.com\/es\/wp-json\/wp\/v2\/media?parent=1980"}],"wp:term":[{"taxonomy":"product_brand","embeddable":true,"href":"https:\/\/maisonitalic.com\/es\/wp-json\/wp\/v2\/product_brand?post=1980"},{"taxonomy":"product_cat","embeddable":true,"href":"https:\/\/maisonitalic.com\/es\/wp-json\/wp\/v2\/product_cat?post=1980"},{"taxonomy":"product_tag","embeddable":true,"href":"https:\/\/maisonitalic.com\/es\/wp-json\/wp\/v2\/product_tag?post=1980"}],"curies":[{"name":"wp","href":"https:\/\/api.w.org\/{rel}","templated":true}]}}