{"id":1985,"date":"2025-09-11T09:27:04","date_gmt":"2025-09-11T09:27:04","guid":{"rendered":"https:\/\/maisonitalic.com\/product\/vanity-units-cabinets\/"},"modified":"2025-11-19T09:16:29","modified_gmt":"2025-11-19T09:16:29","slug":"vanity-units-cabinets","status":"publish","type":"product","link":"https:\/\/maisonitalic.com\/es\/producto\/vanity-units-cabinets\/","title":{"rendered":"Muebles de ba\u00f1o y armarios"},"content":{"rendered":"<p>El mueble de lavabo es la pieza central del almacenamiento en el ba\u00f1o, ya que combina un lavabo con amplios cajones o armarios. Disponibles en elegantes dise\u00f1os modernos, acabados r\u00fasticos de madera o estilos minimalistas para montaje en pared, los muebles de lavabo ayudan a mantener los art\u00edculos de aseo organizados a la vez que realzan la est\u00e9tica del ba\u00f1o.<\/p>\n","protected":false},"excerpt":{"rendered":"<p>El mueble de lavabo es la pieza central del almacenamiento en el ba\u00f1o, ya que combina un lavabo con amplios<\/p>\n","protected":false},"featured_media":2822,"comment_status":"open","ping_status":"closed","template":"","meta":[],"product_brand":[],"product_cat":[48],"product_tag":[],"class_list":{"0":"post-1985","1":"product","2":"type-product","3":"status-publish","4":"has-post-thumbnail","6":"product_cat-bathrooms","8":"first","9":"instock","10":"shipping-taxable","11":"purchasable","12":"product-type-simple"},"_links":{"self":[{"href":"https:\/\/maisonitalic.com\/es\/wp-json\/wp\/v2\/product\/1985","targetHints":{"allow":["GET"]}}],"collection":[{"href":"https:\/\/maisonitalic.com\/es\/wp-json\/wp\/v2\/product"}],"about":[{"href":"https:\/\/maisonitalic.com\/es\/wp-json\/wp\/v2\/types\/product"}],"replies":[{"embeddable":true,"href":"https:\/\/maisonitalic.com\/es\/wp-json\/wp\/v2\/comments?post=1985"}],"version-history":[{"count":0,"href":"https:\/\/maisonitalic.com\/es\/wp-json\/wp\/v2\/product\/1985\/revisions"}],"wp:featuredmedia":[{"embeddable":true,"href":"https:\/\/maisonitalic.com\/es\/wp-json\/wp\/v2\/media\/2822"}],"wp:attachment":[{"href":"https:\/\/maisonitalic.com\/es\/wp-json\/wp\/v2\/media?parent=1985"}],"wp:term":[{"taxonomy":"product_brand","embeddable":true,"href":"https:\/\/maisonitalic.com\/es\/wp-json\/wp\/v2\/product_brand?post=1985"},{"taxonomy":"product_cat","embeddable":true,"href":"https:\/\/maisonitalic.com\/es\/wp-json\/wp\/v2\/product_cat?post=1985"},{"taxonomy":"product_tag","embeddable":true,"href":"https:\/\/maisonitalic.com\/es\/wp-json\/wp\/v2\/product_tag?post=1985"}],"curies":[{"name":"wp","href":"https:\/\/api.w.org\/{rel}","templated":true}]}}