{"id":1991,"date":"2025-09-11T09:28:51","date_gmt":"2025-09-11T09:28:51","guid":{"rendered":"https:\/\/maisonitalic.com\/product\/modular-kitchen-cabinets\/"},"modified":"2025-11-19T09:17:02","modified_gmt":"2025-11-19T09:17:02","slug":"modular-kitchen-cabinets","status":"publish","type":"product","link":"https:\/\/maisonitalic.com\/es\/producto\/modular-kitchen-cabinets\/","title":{"rendered":"Muebles de cocina modulares"},"content":{"rendered":"<p>Dise\u00f1ados para una organizaci\u00f3n inteligente y un estilo impecable, los gabinetes de cocina modulares se presentan en unidades de pared, de base y altas. Ofrecen un amplio espacio de almacenamiento para utensilios, alimentos y electrodom\u00e9sticos, manteniendo una est\u00e9tica elegante y moderna. Disponibles en acabados como laminado, acr\u00edlico, madera y mate.<\/p>\n","protected":false},"excerpt":{"rendered":"<p>Dise\u00f1ados para una organizaci\u00f3n inteligente y un estilo impecable, los gabinetes de cocina modulares se presentan en unidades de pared,<\/p>\n","protected":false},"featured_media":1992,"comment_status":"open","ping_status":"closed","template":"","meta":[],"product_brand":[],"product_cat":[49],"product_tag":[],"class_list":{"0":"post-1991","1":"product","2":"type-product","3":"status-publish","4":"has-post-thumbnail","6":"product_cat-kitchen","8":"first","9":"instock","10":"shipping-taxable","11":"purchasable","12":"product-type-simple"},"_links":{"self":[{"href":"https:\/\/maisonitalic.com\/es\/wp-json\/wp\/v2\/product\/1991","targetHints":{"allow":["GET"]}}],"collection":[{"href":"https:\/\/maisonitalic.com\/es\/wp-json\/wp\/v2\/product"}],"about":[{"href":"https:\/\/maisonitalic.com\/es\/wp-json\/wp\/v2\/types\/product"}],"replies":[{"embeddable":true,"href":"https:\/\/maisonitalic.com\/es\/wp-json\/wp\/v2\/comments?post=1991"}],"version-history":[{"count":0,"href":"https:\/\/maisonitalic.com\/es\/wp-json\/wp\/v2\/product\/1991\/revisions"}],"wp:featuredmedia":[{"embeddable":true,"href":"https:\/\/maisonitalic.com\/es\/wp-json\/wp\/v2\/media\/1992"}],"wp:attachment":[{"href":"https:\/\/maisonitalic.com\/es\/wp-json\/wp\/v2\/media?parent=1991"}],"wp:term":[{"taxonomy":"product_brand","embeddable":true,"href":"https:\/\/maisonitalic.com\/es\/wp-json\/wp\/v2\/product_brand?post=1991"},{"taxonomy":"product_cat","embeddable":true,"href":"https:\/\/maisonitalic.com\/es\/wp-json\/wp\/v2\/product_cat?post=1991"},{"taxonomy":"product_tag","embeddable":true,"href":"https:\/\/maisonitalic.com\/es\/wp-json\/wp\/v2\/product_tag?post=1991"}],"curies":[{"name":"wp","href":"https:\/\/api.w.org\/{rel}","templated":true}]}}